{"id":256,"date":"2024-05-21T11:55:55","date_gmt":"2024-05-21T09:55:55","guid":{"rendered":"https:\/\/ctxwerkzeuge.de\/?post_type=product&#038;p=256"},"modified":"2024-10-16T13:34:21","modified_gmt":"2024-10-16T11:34:21","slug":"ctx-08-1006-podnosnik-butelkowy-6t","status":"publish","type":"product","link":"https:\/\/ctxwerkzeuge.de\/pl\/produkt\/ctx-08-1006-podnosnik-butelkowy-6t\/","title":{"rendered":"CTX.08.1006 Podno\u015bnik butelkowy  6T"},"content":{"rendered":"<p>Podno\u015bnik butelkowy s\u0142upkowy 6T<\/p>\n<p>Podno\u015bnik wykonany jest z najwy\u017cszej jako\u015bci materia\u0142\u00f3w dzi\u0119ki czemu jest trwa\u0142y i wytrzyma\u0142y. Dzi\u0119ki szczelnej i wytrzyma\u0142ej konstrukcji podno\u015bnik zachowuje swoj\u0105 niezawodno\u015b\u0107 przez lata. Podniesiony \u0142adunek nale\u017cy podeprze\u0107 gdy\u017c utrzymywanie ci\u0119\u017caru na podno\u015bniku mo\u017ce skutkowa\u0107 jego uszkodzeniem. Si\u0142ownik nie posiada zapadek zabezpieczaj\u0105cych ci\u0119\u017car przed upadkiem. Podno\u015bnik znajduje zastosowanie w:<\/p>\n<ul>\n<li>Maszynach rolniczych<\/li>\n<li>Pojazdach dostawczych<\/li>\n<li>Pojazdach i przyczepach rolniczych<\/li>\n<li>W\u0142asnym budowaniu element\u00f3w wyposa\u017cenia warsztatu takich jak prasa hydrauliczna<\/li>\n<\/ul>\n","protected":false},"excerpt":{"rendered":"<p>Dane techniczne;<\/p>\n<ul>\n<li>Ud\u017awig: 6T<\/li>\n<li>Waga: 2,8kg<\/li>\n<li>Minimalna wysoko\u015b\u0107: 180mm<\/li>\n<li>Maksymalna wysoko\u015b\u0107: 350mm<\/li>\n<\/ul>\n","protected":false},"featured_media":721,"comment_status":"open","ping_status":"closed","template":"","meta":[],"product_brand":[],"product_cat":[73],"product_tag":[],"class_list":{"0":"post-256","1":"product","2":"type-product","3":"status-publish","4":"has-post-thumbnail","6":"product_cat-dzwigniki-podpory","8":"first","9":"instock","10":"taxable","11":"shipping-taxable","12":"product-type-simple"},"_links":{"self":[{"href":"https:\/\/ctxwerkzeuge.de\/pl\/wp-json\/wp\/v2\/product\/256","targetHints":{"allow":["GET"]}}],"collection":[{"href":"https:\/\/ctxwerkzeuge.de\/pl\/wp-json\/wp\/v2\/product"}],"about":[{"href":"https:\/\/ctxwerkzeuge.de\/pl\/wp-json\/wp\/v2\/types\/product"}],"replies":[{"embeddable":true,"href":"https:\/\/ctxwerkzeuge.de\/pl\/wp-json\/wp\/v2\/comments?post=256"}],"wp:featuredmedia":[{"embeddable":true,"href":"https:\/\/ctxwerkzeuge.de\/pl\/wp-json\/wp\/v2\/media\/721"}],"wp:attachment":[{"href":"https:\/\/ctxwerkzeuge.de\/pl\/wp-json\/wp\/v2\/media?parent=256"}],"wp:term":[{"taxonomy":"product_brand","embeddable":true,"href":"https:\/\/ctxwerkzeuge.de\/pl\/wp-json\/wp\/v2\/product_brand?post=256"},{"taxonomy":"product_cat","embeddable":true,"href":"https:\/\/ctxwerkzeuge.de\/pl\/wp-json\/wp\/v2\/product_cat?post=256"},{"taxonomy":"product_tag","embeddable":true,"href":"https:\/\/ctxwerkzeuge.de\/pl\/wp-json\/wp\/v2\/product_tag?post=256"}],"curies":[{"name":"wp","href":"https:\/\/api.w.org\/{rel}","templated":true}]}}